{"id":10,"date":"2014-11-20T23:41:36","date_gmt":"2014-11-20T23:41:36","guid":{"rendered":"http:\/\/autan.scrabblefisf.com\/?page_id=10"},"modified":"2017-08-21T13:47:52","modified_gmt":"2017-08-21T13:47:52","slug":"programme","status":"publish","type":"page","link":"https:\/\/autan.scrabblepaysdoc.fr\/?page_id=10","title":{"rendered":"Programme"},"content":{"rendered":"<p><strong>Vous pouvez t\u00e9l\u00e9charger ou imprimer le programme ci-dessous :<\/strong><\/p>\n<p class=\"gde-text\"><a href=\"http:\/\/autan.scrabblepaysdoc.fr\/wp-content\/uploads\/2017\/08\/Autan-du-Jeu-2017.pdf\" class=\"gde-link\">T\u00e9l\u00e9charger (Autan-du-Jeu-2017.pdf)<\/a><\/p>\n<iframe src=\"\/\/docs.google.com\/viewer?url=http%3A%2F%2Fautan.scrabblepaysdoc.fr%2Fwp-content%2Fuploads%2F2017%2F08%2FAutan-du-Jeu-2017.pdf&hl=fr&embedded=true\" class=\"gde-frame\" style=\"width:100%; height:500px; border: none;\" scrolling=\"no\"><\/iframe>\n<p><span style=\"font-size: 18pt;\"><strong><span style=\"color: #008080;\">Coupe d&#8217;Occitanie<\/span><\/strong><\/span><\/p>\n<p><strong>Mardi 19 septembre \u2013 accueil d\u00e8s 9h<\/strong><\/p>\n<p><strong>3 parties \u00e0 10h, 14h et 17h + G. Prix<\/strong><\/p>\n<p><strong>Go\u00fbter offert aux participants<\/strong><\/p>\n<p>&nbsp;<\/p>\n<p><span style=\"font-size: 18pt;\"><strong><span style=\"color: #008080;\">Coupe du Touch<\/span><span style=\"color: #008080;\">\u00a0en Paires<\/span><\/strong><\/span><\/p>\n<p><strong>Mercredi 20 septembre \u00e0 15 heures<\/strong><\/p>\n<p><strong>40 coups \/ 40 scrabbles + G. Prix<\/strong><\/p>\n<p>&nbsp;<\/p>\n<p><span style=\"font-size: 18pt;\"><strong><span style=\"color: #008080;\">Coupe de Tournefeuille<\/span><\/strong><\/span><\/p>\n<p><strong>Jeudi 21 et Vendredi 22 \u00e0 15h30 et 18h<\/strong><\/p>\n<p><strong>T.H.4 en Parties Originales + G. Prix<\/strong><\/p>\n<p><strong>Joker, 7 sur 8, 7 et 8, 7 et 8 Joker<\/strong><\/p>\n<p>&nbsp;<\/p>\n<p><span style=\"font-size: 18pt;\"><strong><span style=\"color: #008080;\">Open de Haute Garonne<\/span><\/strong><\/span><\/p>\n<p><strong>Samedi 23 \u00e0 14h30 et 17h et Dimanche 24 \u00e0 10h30 et 14h30<\/strong><\/p>\n<p><strong>T.H. 4 + G. Prix<\/strong><\/p>\n<p>&nbsp;<\/p>\n<p><strong><span style=\"color: #008080; font-size: 18pt;\">Tournoi de Scrabble classique<\/span>\u00a0<\/strong><\/p>\n<p><strong>\u00e0 la R\u00e9sidence des Pins Galants<\/strong><\/p>\n<p><strong>Lundi 25 septembre &#8211; accueil \u00e0 partir de 14h, appel des joueurs \u00e0 14h15.<\/strong><\/p>\n<p>&nbsp;<\/p>\n","protected":false},"excerpt":{"rendered":"<p>Vous pouvez t\u00e9l\u00e9charger ou imprimer le programme ci-dessous : Coupe d&#8217;Occitanie Mardi 19 septembre \u2013 accueil d\u00e8s 9h 3 parties \u00e0 10h, 14h et 17h + G. Prix Go\u00fbter offert aux participants &nbsp; Coupe du Touch\u00a0en Paires Mercredi 20 septembre &hellip; <a href=\"https:\/\/autan.scrabblepaysdoc.fr\/?page_id=10\">Continuer la lecture <span class=\"meta-nav\">&rarr;<\/span><\/a><\/p>\n","protected":false},"author":3,"featured_media":0,"parent":0,"menu_order":0,"comment_status":"closed","ping_status":"closed","template":"","meta":[],"_links":{"self":[{"href":"https:\/\/autan.scrabblepaysdoc.fr\/index.php?rest_route=\/wp\/v2\/pages\/10"}],"collection":[{"href":"https:\/\/autan.scrabblepaysdoc.fr\/index.php?rest_route=\/wp\/v2\/pages"}],"about":[{"href":"https:\/\/autan.scrabblepaysdoc.fr\/index.php?rest_route=\/wp\/v2\/types\/page"}],"author":[{"embeddable":true,"href":"https:\/\/autan.scrabblepaysdoc.fr\/index.php?rest_route=\/wp\/v2\/users\/3"}],"replies":[{"embeddable":true,"href":"https:\/\/autan.scrabblepaysdoc.fr\/index.php?rest_route=%2Fwp%2Fv2%2Fcomments&post=10"}],"version-history":[{"count":40,"href":"https:\/\/autan.scrabblepaysdoc.fr\/index.php?rest_route=\/wp\/v2\/pages\/10\/revisions"}],"predecessor-version":[{"id":439,"href":"https:\/\/autan.scrabblepaysdoc.fr\/index.php?rest_route=\/wp\/v2\/pages\/10\/revisions\/439"}],"wp:attachment":[{"href":"https:\/\/autan.scrabblepaysdoc.fr\/index.php?rest_route=%2Fwp%2Fv2%2Fmedia&parent=10"}],"curies":[{"name":"wp","href":"https:\/\/api.w.org\/{rel}","templated":true}]}}