{"id":12,"date":"2011-06-07T11:41:49","date_gmt":"2011-06-07T11:41:49","guid":{"rendered":"http:\/\/autan.scrabblefisf.com\/?page_id=12"},"modified":"2017-09-29T12:54:57","modified_gmt":"2017-09-29T12:54:57","slug":"photos","status":"publish","type":"page","link":"https:\/\/autan.scrabblepaysdoc.fr\/?page_id=12","title":{"rendered":"Photos &#038; vid\u00e9os"},"content":{"rendered":"<p>A l&#8217;occasion du 10<sup>\u00e8me<\/sup> anniversaire du festival, petit extrait de la soir\u00e9e aux Pins Galants en pr\u00e9sence d&#8217;une centaine de participants.<\/p>\n<p>La vid\u00e9o (presque) compl\u00e8te de ce sketch\u00a0&#8230;<br \/>\n<iframe loading=\"lazy\" src=\"https:\/\/www.youtube.com\/embed\/S7ttUkmwbmY\" width=\"560\" height=\"315\" frameborder=\"0\" allowfullscreen=\"allowfullscreen\"><\/iframe><\/p>\n<p>&#8230; et le final !<\/p>\n<div style=\"width: 640px;\" class=\"wp-video\"><!--[if lt IE 9]><script>document.createElement('video');<\/script><![endif]-->\n<video class=\"wp-video-shortcode\" id=\"video-12-1\" width=\"640\" height=\"480\" preload=\"metadata\" controls=\"controls\"><source type=\"video\/mp4\" src=\"http:\/\/autan.scrabblefisf.com\/wp-content\/uploads\/2011\/06\/AutanDuJeu2016.mp4?_=1\" \/><a href=\"http:\/\/autan.scrabblefisf.com\/wp-content\/uploads\/2011\/06\/AutanDuJeu2016.mp4\">http:\/\/autan.scrabblefisf.com\/wp-content\/uploads\/2011\/06\/AutanDuJeu2016.mp4<\/a><\/video><\/div>\n<p>&nbsp;<\/p>\n<p><a href=\"http:\/\/autan.scrabblefisf.com\/wp-content\/uploads\/2011\/06\/panoramique_centre_ville1.jpg\"><img decoding=\"async\" loading=\"lazy\" class=\"wp-image-35 aligncenter\" src=\"http:\/\/autan.scrabblefisf.com\/wp-content\/uploads\/2011\/06\/panoramique_centre_ville1-300x109.jpg\" alt=\"panoramique_centre_ville1.jpg\" width=\"564\" height=\"205\" srcset=\"https:\/\/autan.scrabblepaysdoc.fr\/wp-content\/uploads\/2011\/06\/panoramique_centre_ville1-300x109.jpg 300w, https:\/\/autan.scrabblepaysdoc.fr\/wp-content\/uploads\/2011\/06\/panoramique_centre_ville1.jpg 700w\" sizes=\"(max-width: 564px) 100vw, 564px\" \/><\/a><\/p>\n<p><a href=\"http:\/\/autan.scrabblefisf.com\/wp-content\/uploads\/2011\/06\/affiche_120x176_NB-2009.jpg\"><img decoding=\"async\" loading=\"lazy\" class=\"aligncenter wp-image-191\" src=\"http:\/\/autan.scrabblefisf.com\/wp-content\/uploads\/2011\/06\/affiche_120x176_NB-2009-210x300.jpg\" alt=\"affiche festival 2009\" width=\"279\" height=\"399\" srcset=\"https:\/\/autan.scrabblepaysdoc.fr\/wp-content\/uploads\/2011\/06\/affiche_120x176_NB-2009-210x300.jpg 210w, https:\/\/autan.scrabblepaysdoc.fr\/wp-content\/uploads\/2011\/06\/affiche_120x176_NB-2009-716x1024.jpg 716w\" sizes=\"(max-width: 279px) 100vw, 279px\" \/><\/a><\/p>\n<p><a href=\"http:\/\/autan.scrabblefisf.com\/wp-content\/uploads\/2011\/06\/cropped-jets-deau-nuit.jpg\"><img decoding=\"async\" loading=\"lazy\" class=\" wp-image-32 aligncenter\" src=\"http:\/\/autan.scrabblefisf.com\/wp-content\/uploads\/2011\/06\/cropped-jets-deau-nuit-300x63.jpg\" alt=\"cropped-jets-deau-nuit.jpg\" width=\"514\" height=\"108\" srcset=\"https:\/\/autan.scrabblepaysdoc.fr\/wp-content\/uploads\/2011\/06\/cropped-jets-deau-nuit-300x63.jpg 300w, https:\/\/autan.scrabblepaysdoc.fr\/wp-content\/uploads\/2011\/06\/cropped-jets-deau-nuit.jpg 940w\" sizes=\"(max-width: 514px) 100vw, 514px\" \/><\/a><\/p>\n","protected":false},"excerpt":{"rendered":"<p>A l&#8217;occasion du 10\u00e8me anniversaire du festival, petit extrait de la soir\u00e9e aux Pins Galants en pr\u00e9sence d&#8217;une centaine de participants. La vid\u00e9o (presque) compl\u00e8te de ce sketch\u00a0&#8230; &#8230; et le final ! &nbsp;<\/p>\n","protected":false},"author":3,"featured_media":0,"parent":0,"menu_order":6,"comment_status":"closed","ping_status":"closed","template":"","meta":[],"_links":{"self":[{"href":"https:\/\/autan.scrabblepaysdoc.fr\/index.php?rest_route=\/wp\/v2\/pages\/12"}],"collection":[{"href":"https:\/\/autan.scrabblepaysdoc.fr\/index.php?rest_route=\/wp\/v2\/pages"}],"about":[{"href":"https:\/\/autan.scrabblepaysdoc.fr\/index.php?rest_route=\/wp\/v2\/types\/page"}],"author":[{"embeddable":true,"href":"https:\/\/autan.scrabblepaysdoc.fr\/index.php?rest_route=\/wp\/v2\/users\/3"}],"replies":[{"embeddable":true,"href":"https:\/\/autan.scrabblepaysdoc.fr\/index.php?rest_route=%2Fwp%2Fv2%2Fcomments&post=12"}],"version-history":[{"count":14,"href":"https:\/\/autan.scrabblepaysdoc.fr\/index.php?rest_route=\/wp\/v2\/pages\/12\/revisions"}],"predecessor-version":[{"id":1104,"href":"https:\/\/autan.scrabblepaysdoc.fr\/index.php?rest_route=\/wp\/v2\/pages\/12\/revisions\/1104"}],"wp:attachment":[{"href":"https:\/\/autan.scrabblepaysdoc.fr\/index.php?rest_route=%2Fwp%2Fv2%2Fmedia&parent=12"}],"curies":[{"name":"wp","href":"https:\/\/api.w.org\/{rel}","templated":true}]}}