{"id":124,"date":"2014-11-21T22:20:23","date_gmt":"2014-11-21T22:20:23","guid":{"rendered":"http:\/\/autan.scrabblefisf.com\/?page_id=124"},"modified":"2017-08-21T13:58:26","modified_gmt":"2017-08-21T13:58:26","slug":"infos-midi-py","status":"publish","type":"page","link":"https:\/\/autan.scrabblepaysdoc.fr\/?page_id=124","title":{"rendered":"Infos Pays d&#8217;Oc"},"content":{"rendered":"<p><strong>A l&#8217;attention des joueurs du Comit\u00e9 Pays d&#8217;Oc<\/strong><\/p>\n<p><a href=\"http:\/\/autan.scrabblefisf.com\/wp-content\/uploads\/2014\/11\/Autan-du-Jeu-2013B.png\"><img decoding=\"async\" loading=\"lazy\" class=\"aligncenter wp-image-182\" src=\"http:\/\/autan.scrabblefisf.com\/wp-content\/uploads\/2014\/11\/Autan-du-Jeu-2013B-300x171.png\" alt=\"Autan du Jeu 2013B\" width=\"456\" height=\"260\" srcset=\"https:\/\/autan.scrabblepaysdoc.fr\/wp-content\/uploads\/2014\/11\/Autan-du-Jeu-2013B-300x171.png 300w, https:\/\/autan.scrabblepaysdoc.fr\/wp-content\/uploads\/2014\/11\/Autan-du-Jeu-2013B.png 623w\" sizes=\"(max-width: 456px) 100vw, 456px\" \/><\/a><\/p>\n<p>M\u00eame si les tournois du Festival Autan du Jeu sont des \u00e9preuves open, le tournoi du samedi 16 janvier, l&#8217;Open de Haute-Garonne, permettra d&#8217;attribuer le titre de Champion D\u00e9partemental 31, pour le premier joueur(euse) membre d&#8217;un des clubs du d\u00e9partement recevant l&#8217;\u00e9preuve, ainsi que les titres r\u00e9gionaux pour les jeunes : Poussin, Benjamin, Cadet et Junior, cette \u00e9preuve \u00e9tant \u00e9galement le <span style=\"color: #008080;\"><a style=\"color: #008080;\" href=\"http:\/\/jeunes.scrabblefisf.com\/?page_id=407\" target=\"_blank\" rel=\"noopener\"><strong>Championnat R\u00e9gional Jeunes et Scolaires<\/strong><\/a><\/span><\/p>\n<p><a href=\"http:\/\/autan.scrabblefisf.com\/wp-content\/uploads\/2014\/11\/Finale-R\u00e9g.-Jeunes-2013.png\"><img decoding=\"async\" loading=\"lazy\" class=\"alignleft wp-image-184\" src=\"http:\/\/autan.scrabblefisf.com\/wp-content\/uploads\/2014\/11\/Finale-R\u00e9g.-Jeunes-2013-300x157.png\" alt=\"Finale R\u00e9g. Jeunes 2013\" width=\"363\" height=\"190\" srcset=\"https:\/\/autan.scrabblepaysdoc.fr\/wp-content\/uploads\/2014\/11\/Finale-R\u00e9g.-Jeunes-2013-300x157.png 300w, https:\/\/autan.scrabblepaysdoc.fr\/wp-content\/uploads\/2014\/11\/Finale-R\u00e9g.-Jeunes-2013.png 797w\" sizes=\"(max-width: 363px) 100vw, 363px\" \/><\/a><a href=\"http:\/\/autan.scrabblefisf.com\/wp-content\/uploads\/2014\/11\/Guillaume-CLAVIERE.png\"><img decoding=\"async\" loading=\"lazy\" class=\"alignright wp-image-245\" src=\"http:\/\/autan.scrabblefisf.com\/wp-content\/uploads\/2014\/11\/Guillaume-CLAVIERE-207x300.png\" alt=\"Guillaume CLAVIERE\" width=\"132\" height=\"191\" srcset=\"https:\/\/autan.scrabblepaysdoc.fr\/wp-content\/uploads\/2014\/11\/Guillaume-CLAVIERE-207x300.png 207w, https:\/\/autan.scrabblepaysdoc.fr\/wp-content\/uploads\/2014\/11\/Guillaume-CLAVIERE.png 261w\" sizes=\"(max-width: 132px) 100vw, 132px\" \/><\/a><\/p>\n<p>&nbsp;<\/p>\n<p>&nbsp;<\/p>\n<p>&nbsp;<\/p>\n<p>&nbsp;<\/p>\n<p style=\"text-align: right;\">Guillaume CLAVIERE, tenant du titre d\u00e9partemental !<\/p>\n<p>L&#8217;Open de Midi-Pyr\u00e9n\u00e9es (Finale R\u00e9gionale), dimanche 17 janvier, attribuera le titre de Champion R\u00e9gional pour le premier joueur(euse) membre d&#8217;un club du comit\u00e9.<\/p>\n<p>Pascal SEGUIER remettra son titre en jeu&#8230;<\/p>\n<p><span style=\"color: #ff0000;\"><strong>De nombreuses places qualificatives permettront aux premiers du tournoi au scratch et par s\u00e9ries, d&#8217;obtenir leur visa pour les finales des Championnats de France Promotion (s\u00e9ries SN5 et SN6) et toutes cat\u00e9gories (s\u00e9ries SN1 \u00e0 SN7) \u00e0 Vichy (mai 2016).<\/strong><\/span><\/p>\n<p><a href=\"http:\/\/autan.scrabblefisf.com\/wp-content\/uploads\/2014\/11\/Phare-joueurs-et-scene.png\"><img decoding=\"async\" loading=\"lazy\" class=\"aligncenter wp-image-189\" src=\"http:\/\/autan.scrabblefisf.com\/wp-content\/uploads\/2014\/11\/Phare-joueurs-et-scene-300x124.png\" alt=\"Phare joueurs et scene\" width=\"638\" height=\"264\" srcset=\"https:\/\/autan.scrabblepaysdoc.fr\/wp-content\/uploads\/2014\/11\/Phare-joueurs-et-scene-300x124.png 300w, https:\/\/autan.scrabblepaysdoc.fr\/wp-content\/uploads\/2014\/11\/Phare-joueurs-et-scene.png 766w\" sizes=\"(max-width: 638px) 100vw, 638px\" \/><\/a><\/p>\n<p>Tous les joueurs des clubs du comit\u00e9 Midi-Pyr\u00e9n\u00e9es ayant particip\u00e9 soit \u00e0 la Finale du Championnats de France Promotion 2015, soit \u00e0 la Finale du Championnat de France Vermeil\/Diamant 2015, soit \u00e0 la Finale du Championnat de France 2015 (toutes cat\u00e9gories), se voient offrir leur participation aux deux tournois du 16 et 17 janvier 2016, <strong>ils ne payent donc pas l&#8217;inscription aux deux tournois<\/strong> ! Les m\u00eames joueurs ayant particip\u00e9 \u00e0 deux ou trois finales sont de plus gratifi\u00e9s par des points au classement participation&#8230;<\/p>\n<p>Le Festival Autan du Jeu est la manifestation susceptible de rassembler le plus de clubs de la r\u00e9gion Midi-Pyr\u00e9n\u00e9es, constituant ainsi notre grande <strong>F\u00eate r\u00e9gionale annuelle<\/strong>&#8230;<\/p>\n<p>Ne manquez pour aucun prix ce rendez-vous convivial, l&#8217;occasion de formuler tous ensemble des voeux de partage et d&#8217;amiti\u00e9 au sein de notre association, avec le plaisir renouvel\u00e9 de recevoir les joueurs des comit\u00e9s voisins avec qui nous ne manquerons pas de trinquer pour bien commencer cette nouvelle ann\u00e9e 2016 \u00a0!<\/p>\n<p style=\"text-align: right;\"><img decoding=\"async\" loading=\"lazy\" class=\"alignright wp-image-186\" src=\"http:\/\/autan.scrabblefisf.com\/wp-content\/uploads\/2014\/11\/Pierre-SALVATI2-255x300.png\" alt=\"Pierre SALVATI2\" width=\"146\" height=\"172\" srcset=\"https:\/\/autan.scrabblepaysdoc.fr\/wp-content\/uploads\/2014\/11\/Pierre-SALVATI2-255x300.png 255w, https:\/\/autan.scrabblepaysdoc.fr\/wp-content\/uploads\/2014\/11\/Pierre-SALVATI2.png 273w\" sizes=\"(max-width: 146px) 100vw, 146px\" \/>Pierre SALVATI, vainqueur en 2014.<\/p>\n","protected":false},"excerpt":{"rendered":"<p>A l&#8217;attention des joueurs du Comit\u00e9 Pays d&#8217;Oc M\u00eame si les tournois du Festival Autan du Jeu sont des \u00e9preuves open, le tournoi du samedi 16 janvier, l&#8217;Open de Haute-Garonne, permettra d&#8217;attribuer le titre de Champion D\u00e9partemental 31, pour le &hellip; <a href=\"https:\/\/autan.scrabblepaysdoc.fr\/?page_id=124\">Continuer la lecture <span class=\"meta-nav\">&rarr;<\/span><\/a><\/p>\n","protected":false},"author":2,"featured_media":0,"parent":0,"menu_order":3,"comment_status":"closed","ping_status":"closed","template":"","meta":[],"_links":{"self":[{"href":"https:\/\/autan.scrabblepaysdoc.fr\/index.php?rest_route=\/wp\/v2\/pages\/124"}],"collection":[{"href":"https:\/\/autan.scrabblepaysdoc.fr\/index.php?rest_route=\/wp\/v2\/pages"}],"about":[{"href":"https:\/\/autan.scrabblepaysdoc.fr\/index.php?rest_route=\/wp\/v2\/types\/page"}],"author":[{"embeddable":true,"href":"https:\/\/autan.scrabblepaysdoc.fr\/index.php?rest_route=\/wp\/v2\/users\/2"}],"replies":[{"embeddable":true,"href":"https:\/\/autan.scrabblepaysdoc.fr\/index.php?rest_route=%2Fwp%2Fv2%2Fcomments&post=124"}],"version-history":[{"count":23,"href":"https:\/\/autan.scrabblepaysdoc.fr\/index.php?rest_route=\/wp\/v2\/pages\/124\/revisions"}],"predecessor-version":[{"id":445,"href":"https:\/\/autan.scrabblepaysdoc.fr\/index.php?rest_route=\/wp\/v2\/pages\/124\/revisions\/445"}],"wp:attachment":[{"href":"https:\/\/autan.scrabblepaysdoc.fr\/index.php?rest_route=%2Fwp%2Fv2%2Fmedia&parent=124"}],"curies":[{"name":"wp","href":"https:\/\/api.w.org\/{rel}","templated":true}]}}