{"id":43,"date":"2011-06-23T22:27:46","date_gmt":"2011-06-23T22:27:46","guid":{"rendered":"http:\/\/autan.scrabblefisf.com\/?page_id=43"},"modified":"2017-08-21T13:57:20","modified_gmt":"2017-08-21T13:57:20","slug":"inscription","status":"publish","type":"page","link":"https:\/\/autan.scrabblepaysdoc.fr\/?page_id=43","title":{"rendered":"Inscription"},"content":{"rendered":"<p><span style=\"font-size: 12pt;\"><strong>Renseignements et Inscriptions aupr\u00e8s du Comit\u00e9 Scrabble en Pays d&#8217;Oc :<\/strong><\/span><\/p>\n<p><span style=\"color: #ff0000;\"><b>Pour les joueurs logeant \u00e0 la R\u00e9sidence des Pins Galants, il est propos\u00e9 plusieurs formules alliant tournois, h\u00e9bergement et restauration \u00e0 r\u00e9server directement \u00e0 la r\u00e9sidence. Prendre connaissance des diff\u00e9rents forfaits propos\u00e9s sur le flyer du festival \u00e0 consulter sur l&#8217;onglet programme&#8230;<\/b><\/span><\/p>\n<p><span style=\"color: #000000;\"><b>La partie tournois comprise dans les forfaits est \u00e0 r\u00e9gler au Comit\u00e9 Scrabble en Pays d&#8217;Oc (prix des \u00e9preuves ci-dessous). Et si vous avez une gratuit\u00e9, confirmez votre venue \u00e0 Brigitte DELHOM, cela suffira pour valider votre inscription aux \u00e9preuves.<\/b><\/span><\/p>\n<p><strong>Pour les inscriptions s&#8217;inscrire aupr\u00e8s du comit\u00e9 r\u00e9gional :<\/strong><\/p>\n<p><span style=\"font-size: 12pt;\"><strong>Brigitte DELHOM &#8211; 17, Rue du Vercors, 31170 Tournefeuille<\/strong><\/span><\/p>\n<p><span style=\"font-size: 12pt;\"><strong>T\u00e9l.\u00a0: 06 19 80 59 18 \u2013 m\u00e9l\u00a0: <a href=\"mailto:brigittedelhom31@gmail.com\">brigittedelhom31@gmail.com<\/a><\/strong><\/span><\/p>\n<p><span style=\"color: #000000;\"><strong>votre r\u00e8glement \u00e0 l&#8217;ordre de <span style=\"color: #ff0000;\">Scrabble en Pays d&#8217;Oc<\/span><\/strong><\/span><\/p>\n<p>&nbsp;<\/p>\n<p>&nbsp;<\/p>\n","protected":false},"excerpt":{"rendered":"<p>Renseignements et Inscriptions aupr\u00e8s du Comit\u00e9 Scrabble en Pays d&#8217;Oc : Pour les joueurs logeant \u00e0 la R\u00e9sidence des Pins Galants, il est propos\u00e9 plusieurs formules alliant tournois, h\u00e9bergement et restauration \u00e0 r\u00e9server directement \u00e0 la r\u00e9sidence. Prendre connaissance des &hellip; <a href=\"https:\/\/autan.scrabblepaysdoc.fr\/?page_id=43\">Continuer la lecture <span class=\"meta-nav\">&rarr;<\/span><\/a><\/p>\n","protected":false},"author":3,"featured_media":0,"parent":0,"menu_order":1,"comment_status":"closed","ping_status":"closed","template":"","meta":[],"_links":{"self":[{"href":"https:\/\/autan.scrabblepaysdoc.fr\/index.php?rest_route=\/wp\/v2\/pages\/43"}],"collection":[{"href":"https:\/\/autan.scrabblepaysdoc.fr\/index.php?rest_route=\/wp\/v2\/pages"}],"about":[{"href":"https:\/\/autan.scrabblepaysdoc.fr\/index.php?rest_route=\/wp\/v2\/types\/page"}],"author":[{"embeddable":true,"href":"https:\/\/autan.scrabblepaysdoc.fr\/index.php?rest_route=\/wp\/v2\/users\/3"}],"replies":[{"embeddable":true,"href":"https:\/\/autan.scrabblepaysdoc.fr\/index.php?rest_route=%2Fwp%2Fv2%2Fcomments&post=43"}],"version-history":[{"count":41,"href":"https:\/\/autan.scrabblepaysdoc.fr\/index.php?rest_route=\/wp\/v2\/pages\/43\/revisions"}],"predecessor-version":[{"id":444,"href":"https:\/\/autan.scrabblepaysdoc.fr\/index.php?rest_route=\/wp\/v2\/pages\/43\/revisions\/444"}],"wp:attachment":[{"href":"https:\/\/autan.scrabblepaysdoc.fr\/index.php?rest_route=%2Fwp%2Fv2%2Fmedia&parent=43"}],"curies":[{"name":"wp","href":"https:\/\/api.w.org\/{rel}","templated":true}]}}