{"id":6,"date":"2011-06-07T11:40:58","date_gmt":"2011-06-07T11:40:58","guid":{"rendered":"http:\/\/autan.scrabblefisf.com\/?page_id=6"},"modified":"2015-12-08T15:42:39","modified_gmt":"2015-12-08T15:42:39","slug":"hebergement","status":"publish","type":"page","link":"https:\/\/autan.scrabblepaysdoc.fr\/?page_id=6","title":{"rendered":"H\u00e9bergement &#8211; Restauration"},"content":{"rendered":"<p><span style=\"font-size: 14pt;\"><strong>Des conditions privil\u00e9gi\u00e9es <\/strong><\/span><\/p>\n<p><span style=\"font-size: 14pt;\"><strong>pour l&#8217;h\u00e9bergement et la restauration des scrabbleurs<\/strong><\/span><\/p>\n<p><a href=\"http:\/\/autan.scrabblefisf.com\/wp-content\/uploads\/2011\/06\/Les-Pins-Galants.jpg\"><img decoding=\"async\" loading=\"lazy\" class=\"aligncenter size-medium wp-image-170\" src=\"http:\/\/autan.scrabblefisf.com\/wp-content\/uploads\/2011\/06\/Les-Pins-Galants-300x218.jpg\" alt=\"Les Pins Galants\" width=\"300\" height=\"218\" srcset=\"https:\/\/autan.scrabblepaysdoc.fr\/wp-content\/uploads\/2011\/06\/Les-Pins-Galants-300x218.jpg 300w, https:\/\/autan.scrabblepaysdoc.fr\/wp-content\/uploads\/2011\/06\/Les-Pins-Galants.jpg 579w\" sizes=\"(max-width: 300px) 100vw, 300px\" \/><\/a><\/p>\n<p>Un environnement calme dans une r\u00e9sidence h\u00f4teli\u00e8re \u00e0 proximit\u00e9 de la salle du Phare \u00e0 Tournefeuille \u00e0 deux pas des commerces du centre ville.<\/p>\n<p>M\u00eame si vous ne prenez pas le forfait week-end \u00e0 la r\u00e9sidence, vous pouvez r\u00e9server vos repas des soir\u00e9es et\/ou des midis, entre ou apr\u00e8s les tournois&#8230;<\/p>\n<p>Pr\u00e9cisez lors de votre r\u00e9servation que vous venez pour le Scrabble, une tarification sp\u00e9ciale pour les scrabbleurs.<\/p>\n<p><strong><span style=\"color: #ff0000;\">Les repas doivent \u00eatre r\u00e9serv\u00e9s \u00e0 l&#8217;avance aupr\u00e8s de la r\u00e9sidence pour toutes les personnes ne prenant pas un forfait.<\/span><\/strong><\/p>\n<p>Menus propos\u00e9s samedi et dimanche midi \u00e0 20\u20ac (vin et caf\u00e9 compris).<\/p>\n<p><strong><span style=\"color: #ff0000;\">Samedi soir \u00e0 20 heures &#8211; soir\u00e9e \u00e0 20\u20ac tout compris &#8211; buffet campagnard &#8211; dessert &#8211; vins et caf\u00e9 &#8211; animation sur place pendant le repas.<\/span><\/strong><\/p>\n<p><strong>Votre h\u00e9bergement\u00a0: <\/strong><strong>R\u00e9sidence Les Pins Galants<\/strong><\/p>\n<p><strong>137, route de Tarbes \u2013 05 67\u00a0730\u00a0730 &#8211; <a href=\"http:\/\/www.lespinsgalants.fr\" target=\"_blank\">www.lespinsgalants.fr<\/a><\/strong><\/p>\n<p><strong>Notre partenaire propose aux scrabbleurs\u00a0: <\/strong><\/p>\n<ul>\n<li>Appartements de standing \u00e9quip\u00e9s de kitchenette, studio au T3<\/li>\n<li>35\u20ac\/pers. en chambre double, <strong>petit d\u00e9jeuner buffet offert<\/strong><\/li>\n<li>60\u20ac\/pers pour une chambre en occupation simple<\/li>\n<li>Nombreuses prestations incluses dans le tarif\u00a0: wifi, Canal Satellite, parking priv\u00e9<\/li>\n<\/ul>\n<p><strong>Possibilit\u00e9 d\u2019arriver de Toulouse par le bus 65 (<a href=\"http:\/\/www.tisseo.fr\" target=\"_blank\">http:\/\/www.tisseo.fr<\/a>), arr\u00eat au Phare et aussi \u00e0 la R\u00e9sidence Les Pins Galants (par CD 632)<\/strong><\/p>\n","protected":false},"excerpt":{"rendered":"<p>Des conditions privil\u00e9gi\u00e9es pour l&#8217;h\u00e9bergement et la restauration des scrabbleurs Un environnement calme dans une r\u00e9sidence h\u00f4teli\u00e8re \u00e0 proximit\u00e9 de la salle du Phare \u00e0 Tournefeuille \u00e0 deux pas des commerces du centre ville. M\u00eame si vous ne prenez pas &hellip; <a href=\"https:\/\/autan.scrabblepaysdoc.fr\/?page_id=6\">Continuer la lecture <span class=\"meta-nav\">&rarr;<\/span><\/a><\/p>\n","protected":false},"author":3,"featured_media":0,"parent":0,"menu_order":5,"comment_status":"closed","ping_status":"closed","template":"","meta":[],"_links":{"self":[{"href":"https:\/\/autan.scrabblepaysdoc.fr\/index.php?rest_route=\/wp\/v2\/pages\/6"}],"collection":[{"href":"https:\/\/autan.scrabblepaysdoc.fr\/index.php?rest_route=\/wp\/v2\/pages"}],"about":[{"href":"https:\/\/autan.scrabblepaysdoc.fr\/index.php?rest_route=\/wp\/v2\/types\/page"}],"author":[{"embeddable":true,"href":"https:\/\/autan.scrabblepaysdoc.fr\/index.php?rest_route=\/wp\/v2\/users\/3"}],"replies":[{"embeddable":true,"href":"https:\/\/autan.scrabblepaysdoc.fr\/index.php?rest_route=%2Fwp%2Fv2%2Fcomments&post=6"}],"version-history":[{"count":24,"href":"https:\/\/autan.scrabblepaysdoc.fr\/index.php?rest_route=\/wp\/v2\/pages\/6\/revisions"}],"predecessor-version":[{"id":297,"href":"https:\/\/autan.scrabblepaysdoc.fr\/index.php?rest_route=\/wp\/v2\/pages\/6\/revisions\/297"}],"wp:attachment":[{"href":"https:\/\/autan.scrabblepaysdoc.fr\/index.php?rest_route=%2Fwp%2Fv2%2Fmedia&parent=6"}],"curies":[{"name":"wp","href":"https:\/\/api.w.org\/{rel}","templated":true}]}}